{"id":5,"date":"2022-02-08T13:43:45","date_gmt":"2022-02-08T13:43:45","guid":{"rendered":"http:\/\/sercom.cl\/?page_id=5"},"modified":"2023-06-14T14:42:42","modified_gmt":"2023-06-14T14:42:42","slug":"inicio","status":"publish","type":"page","link":"https:\/\/sercom.cl\/","title":{"rendered":"INICIO"},"content":{"rendered":"<p>[vc_row css_animation=\u00bb\u00bb row_type=\u00bbrow\u00bb use_row_as_full_screen_section=\u00bbno\u00bb type=\u00bbfull_width\u00bb angled_section=\u00bbno\u00bb text_align=\u00bbleft\u00bb background_image_as_pattern=\u00bbwithout_pattern\u00bb][vc_column]\n\t\t\t<!-- START Slider 1 REVOLUTION SLIDER 6.2.19 --><p class=\"rs-p-wp-fix\"><\/p>\n\t\t\t<rs-module-wrap id=\"rev_slider_1_1_wrapper\" data-source=\"gallery\" style=\"background:transparent;padding:0;margin:0px auto;margin-top:0;margin-bottom:0;\">\n\t\t\t\t<rs-module id=\"rev_slider_1_1\" style=\"\" data-version=\"6.2.19\">\n\t\t\t\t\t<rs-slides>\n\t\t\t\t\t\t<rs-slide data-key=\"rs-1\" data-title=\"Slide\" data-anim=\"ei:d;eo:d;s:700;r:0;t:fade;sl:0;\">\n\t\t\t\t\t\t\t<img loading=\"lazy\" decoding=\"async\" src=\"\/\/sercom.cl\/wp-content\/uploads\/2023\/05\/logo-tecomtel_colorinfo___edited.png\" title=\"logo tecomtel_color+info___edited\" width=\"663\" height=\"197\" class=\"rev-slidebg\" data-no-retina>\n<!--\n\t\t\t\t\t\t\t--><rs-layer\n\t\t\t\t\t\t\t\tid=\"slider-1-slide-1-layer-0\" \n\t\t\t\t\t\t\t\tdata-type=\"text\"\n\t\t\t\t\t\t\t\tdata-color=\"#2c2c6d\"\n\t\t\t\t\t\t\t\tdata-rsp_ch=\"on\"\n\t\t\t\t\t\t\t\tdata-xy=\"x:c;xo:-281px,-192px,3px,-3px;y:m;yo:-52px,-35px,-87px,-48px;\"\n\t\t\t\t\t\t\t\tdata-text=\"w:normal;s:40,27,40,34;l:40,27,40,34;fw:600;a:left,left,center,center;\"\n\t\t\t\t\t\t\t\tdata-dim=\"w:884.844px,604px,587px,443px;h:auto,auto,49px,auto;\"\n\t\t\t\t\t\t\t\tdata-frame_1=\"st:700;sp:1000;sR:700;\"\n\t\t\t\t\t\t\t\tdata-frame_999=\"o:0;st:w;sR:4300;\"\n\t\t\t\t\t\t\t\tstyle=\"z-index:9;font-family:Montserrat;\"\n\t\t\t\t\t\t\t>CONGRESO 2023<br \/>\n \n\t\t\t\t\t\t\t<\/rs-layer><!--\n\n\t\t\t\t\t\t\t--><a\n\t\t\t\t\t\t\t\tid=\"slider-1-slide-1-layer-1\" \n\t\t\t\t\t\t\t\tclass=\"rs-layer rev-btn\"\n\t\t\t\t\t\t\t\thref=\"https:\/\/www.tecomtel.cl\/\" target=\"_blank\" rel=\"nofollow noopener\"\n\t\t\t\t\t\t\t\tdata-type=\"button\"\n\t\t\t\t\t\t\t\tdata-rsp_ch=\"on\"\n\t\t\t\t\t\t\t\tdata-xy=\"x:l,l,c,c;xo:227px,155px,0,0;yo:281px,192px,471px,418px;\"\n\t\t\t\t\t\t\t\tdata-text=\"w:normal;s:20,13,25,20;l:50,34,71,56;fw:600;\"\n\t\t\t\t\t\t\t\tdata-dim=\"minh:0px,none,none,none;\"\n\t\t\t\t\t\t\t\tdata-padding=\"r:20,14,28,22;l:20,14,28,22;\"\n\t\t\t\t\t\t\t\tdata-border=\"bor:5px,5px,5px,5px;\"\n\t\t\t\t\t\t\t\tdata-frame_0=\"x:0,0,0px,0px;y:0,0,0px,0px;\"\n\t\t\t\t\t\t\t\tdata-frame_1=\"x:0,0,0px,0px;y:0,0,0px,0px;st:2690;sp:1000;sR:2690;\"\n\t\t\t\t\t\t\t\tdata-frame_999=\"o:0;st:w;sR:2310;\"\n\t\t\t\t\t\t\t\tdata-frame_hover=\"bgc:#2c2c6d;bor:5px,5px,5px,5px;bos:none;sp:200;e:power1.inOut;\"\n\t\t\t\t\t\t\t\tstyle=\"z-index:8;background-color:#ff4438;font-family:Montserrat;\"\n\t\t\t\t\t\t\t>Informate M\u00e1s \n\t\t\t\t\t\t\t<\/a><!--\n\n\t\t\t\t\t\t\t--><rs-layer\n\t\t\t\t\t\t\t\tid=\"slider-1-slide-1-layer-7\" \n\t\t\t\t\t\t\t\tdata-type=\"text\"\n\t\t\t\t\t\t\t\tdata-color=\"#2c2c6d\"\n\t\t\t\t\t\t\t\tdata-rsp_ch=\"on\"\n\t\t\t\t\t\t\t\tdata-xy=\"x:l,l,c,c;xo:228px,156px,1px,0;yo:224px,153px,413px,341px;\"\n\t\t\t\t\t\t\t\tdata-text=\"w:normal;s:20,13,22,22;l:25,17,22,22;fw:600;a:left,left,center,center;\"\n\t\t\t\t\t\t\t\tdata-dim=\"w:auto,auto,auto,461px;h:auto,auto,34px,47px;\"\n\t\t\t\t\t\t\t\tdata-frame_1=\"st:1700;sp:1000;sR:1700;\"\n\t\t\t\t\t\t\t\tdata-frame_999=\"o:0;st:w;sR:3300;\"\n\t\t\t\t\t\t\t\tstyle=\"z-index:10;font-family:Montserrat;\"\n\t\t\t\t\t\t\t>El encuentro m\u00e1s importante de las<br \/>\nComunicaciones y Telecomunicaciones del pa\u00eds \n\t\t\t\t\t\t\t<\/rs-layer><!--\n-->\t\t\t\t\t\t<\/rs-slide>\n\t\t\t\t\t\t<rs-slide data-key=\"rs-6\" data-title=\"Slide\" data-anim=\"ei:d;eo:d;s:700;r:0;t:fade;sl:0;\">\n\t\t\t\t\t\t\t<img loading=\"lazy\" decoding=\"async\" src=\"\/\/sercom.cl\/wp-content\/uploads\/2022\/03\/slider4.png\" width=\"1900\" height=\"500\" class=\"rev-slidebg\" data-no-retina>\n<!--\n\t\t\t\t\t\t\t--><rs-layer\n\t\t\t\t\t\t\t\tid=\"slider-1-slide-6-layer-0\" \n\t\t\t\t\t\t\t\tdata-type=\"text\"\n\t\t\t\t\t\t\t\tdata-color=\"#2c2c6d\"\n\t\t\t\t\t\t\t\tdata-rsp_ch=\"on\"\n\t\t\t\t\t\t\t\tdata-xy=\"x:c;xo:-281px,-192px,0,-5px;y:m;yo:-52px,-35px,-83px,-103px;\"\n\t\t\t\t\t\t\t\tdata-text=\"w:normal;s:40,27,40,34;l:40,27,40,34;fw:600;a:left,left,center,center;\"\n\t\t\t\t\t\t\t\tdata-dim=\"w:884.844px,604px,587px,443px;h:auto,auto,120px,66px;\"\n\t\t\t\t\t\t\t\tdata-frame_1=\"st:700;sp:1000;sR:700;\"\n\t\t\t\t\t\t\t\tdata-frame_999=\"o:0;st:w;sR:4300;\"\n\t\t\t\t\t\t\t\tstyle=\"z-index:9;font-family:Montserrat;\"\n\t\t\t\t\t\t\t>AXIA iQ BROADCAST CONSOLE<br \/>\n \n\t\t\t\t\t\t\t<\/rs-layer><!--\n\n\t\t\t\t\t\t\t--><a\n\t\t\t\t\t\t\t\tid=\"slider-1-slide-6-layer-1\" \n\t\t\t\t\t\t\t\tclass=\"rs-layer rev-btn\"\n\t\t\t\t\t\t\t\thref=\"http:\/\/sercom.cl\/?page_id=15\" target=\"_self\" rel=\"nofollow\"\n\t\t\t\t\t\t\t\tdata-type=\"button\"\n\t\t\t\t\t\t\t\tdata-rsp_ch=\"on\"\n\t\t\t\t\t\t\t\tdata-xy=\"x:l,l,c,c;xo:226px,154px,0,0;yo:264px,180px,471px,347px;\"\n\t\t\t\t\t\t\t\tdata-text=\"w:normal;s:20,13,25,20;l:50,34,71,56;fw:600;\"\n\t\t\t\t\t\t\t\tdata-dim=\"minh:0px,none,none,none;\"\n\t\t\t\t\t\t\t\tdata-padding=\"r:20,14,28,22;l:20,14,28,22;\"\n\t\t\t\t\t\t\t\tdata-border=\"bor:5px,5px,5px,5px;\"\n\t\t\t\t\t\t\t\tdata-frame_0=\"x:0,0,0px,0px;y:0,0,0px,0px;\"\n\t\t\t\t\t\t\t\tdata-frame_1=\"x:0,0,0px,0px;y:0,0,0px,0px;st:2690;sp:1000;sR:2690;\"\n\t\t\t\t\t\t\t\tdata-frame_999=\"o:0;st:w;sR:2310;\"\n\t\t\t\t\t\t\t\tdata-frame_hover=\"bgc:#2c2c6d;bor:5px,5px,5px,5px;bos:none;sp:200;e:power1.inOut;\"\n\t\t\t\t\t\t\t\tstyle=\"z-index:8;background-color:#ff4438;font-family:Montserrat;\"\n\t\t\t\t\t\t\t>Cont\u00e1ctanos \n\t\t\t\t\t\t\t<\/a><!--\n\n\t\t\t\t\t\t\t--><rs-layer\n\t\t\t\t\t\t\t\tid=\"slider-1-slide-6-layer-7\" \n\t\t\t\t\t\t\t\tdata-type=\"text\"\n\t\t\t\t\t\t\t\tdata-color=\"#2c2c6d\"\n\t\t\t\t\t\t\t\tdata-rsp_ch=\"on\"\n\t\t\t\t\t\t\t\tdata-xy=\"x:l,l,c,c;xo:228px,156px,0,12px;yo:224px,153px,429px,293px;\"\n\t\t\t\t\t\t\t\tdata-text=\"w:normal;s:20,13,22,22;l:25,17,10,22;fw:600;a:left,left,center,center;\"\n\t\t\t\t\t\t\t\tdata-dim=\"w:auto,auto,auto,461px;h:auto,auto,34px,47px;\"\n\t\t\t\t\t\t\t\tdata-frame_1=\"st:1700;sp:1000;sR:1700;\"\n\t\t\t\t\t\t\t\tdata-frame_999=\"o:0;st:w;sR:3300;\"\n\t\t\t\t\t\t\t\tstyle=\"z-index:10;font-family:Montserrat;\"\n\t\t\t\t\t\t\t>F\u00e1cil instalaci\u00f3n. Configuraci\u00f3n r\u00e1pida. Operaci\u00f3n intuitiva. \n\t\t\t\t\t\t\t<\/rs-layer><!--\n-->\t\t\t\t\t\t<\/rs-slide>\n\t\t\t\t\t\t<rs-slide data-key=\"rs-5\" data-title=\"Slide\" data-anim=\"ei:d;eo:d;s:700;r:0;t:fade;sl:0;\">\n\t\t\t\t\t\t\t<img loading=\"lazy\" decoding=\"async\" src=\"\/\/sercom.cl\/wp-content\/uploads\/2022\/03\/slider5a.png\" width=\"1900\" height=\"500\" class=\"rev-slidebg\" data-no-retina>\n<!--\n\t\t\t\t\t\t\t--><rs-layer\n\t\t\t\t\t\t\t\tid=\"slider-1-slide-5-layer-0\" \n\t\t\t\t\t\t\t\tdata-type=\"text\"\n\t\t\t\t\t\t\t\tdata-color=\"#2c2c6d\"\n\t\t\t\t\t\t\t\tdata-rsp_ch=\"on\"\n\t\t\t\t\t\t\t\tdata-xy=\"x:c;xo:-221px,-151px,2px,0;y:m;yo:-53px,-36px,-96px,-101px;\"\n\t\t\t\t\t\t\t\tdata-text=\"w:normal;s:40,27,40,34;l:40,27,40,34;fw:600;a:left,left,center,center;\"\n\t\t\t\t\t\t\t\tdata-dim=\"w:1004px,686px,587px,443px;h:auto,auto,120px,auto;\"\n\t\t\t\t\t\t\t\tdata-frame_1=\"st:700;sp:1000;sR:700;\"\n\t\t\t\t\t\t\t\tdata-frame_999=\"o:0;st:w;sR:4300;\"\n\t\t\t\t\t\t\t\tstyle=\"z-index:9;font-family:Montserrat;\"\n\t\t\t\t\t\t\t>OMNIA VOLT BROADCAST AUDIO PROCESSOR \n\t\t\t\t\t\t\t<\/rs-layer><!--\n\n\t\t\t\t\t\t\t--><a\n\t\t\t\t\t\t\t\tid=\"slider-1-slide-5-layer-1\" \n\t\t\t\t\t\t\t\tclass=\"rs-layer rev-btn\"\n\t\t\t\t\t\t\t\thref=\"http:\/\/sercom.cl\/?page_id=15\" target=\"_self\" rel=\"nofollow\"\n\t\t\t\t\t\t\t\tdata-type=\"button\"\n\t\t\t\t\t\t\t\tdata-rsp_ch=\"on\"\n\t\t\t\t\t\t\t\tdata-xy=\"x:l,l,c,c;xo:226px,154px,0,0;yo:264px,180px,471px,394px;\"\n\t\t\t\t\t\t\t\tdata-text=\"w:normal;s:20,13,25,20;l:50,34,71,56;fw:600;\"\n\t\t\t\t\t\t\t\tdata-dim=\"minh:0px,none,none,none;\"\n\t\t\t\t\t\t\t\tdata-padding=\"r:20,14,28,22;l:20,14,28,22;\"\n\t\t\t\t\t\t\t\tdata-border=\"bor:5px,5px,5px,5px;\"\n\t\t\t\t\t\t\t\tdata-frame_0=\"x:0,0,0px,0px;y:0,0,0px,0px;\"\n\t\t\t\t\t\t\t\tdata-frame_1=\"x:0,0,0px,0px;y:0,0,0px,0px;st:2690;sp:1000;sR:2690;\"\n\t\t\t\t\t\t\t\tdata-frame_999=\"o:0;st:w;sR:2310;\"\n\t\t\t\t\t\t\t\tdata-frame_hover=\"bgc:#2c2c6d;bor:5px,5px,5px,5px;bos:none;sp:200;e:power1.inOut;\"\n\t\t\t\t\t\t\t\tstyle=\"z-index:8;background-color:#ff4438;font-family:Montserrat;\"\n\t\t\t\t\t\t\t>Cont\u00e1ctanos \n\t\t\t\t\t\t\t<\/a><!--\n\n\t\t\t\t\t\t\t--><rs-layer\n\t\t\t\t\t\t\t\tid=\"slider-1-slide-5-layer-7\" \n\t\t\t\t\t\t\t\tdata-type=\"text\"\n\t\t\t\t\t\t\t\tdata-color=\"#2c2c6d\"\n\t\t\t\t\t\t\t\tdata-rsp_ch=\"on\"\n\t\t\t\t\t\t\t\tdata-xy=\"x:l,l,c,c;xo:228px,156px,0,0;yo:224px,153px,420px,321px;\"\n\t\t\t\t\t\t\t\tdata-text=\"w:normal;s:20,13,22,22;l:25,17,22,22;fw:600;a:left,left,center,center;\"\n\t\t\t\t\t\t\t\tdata-dim=\"w:auto,auto,644px,377px;\"\n\t\t\t\t\t\t\t\tdata-frame_1=\"st:1700;sp:1000;sR:1700;\"\n\t\t\t\t\t\t\t\tdata-frame_999=\"o:0;st:w;sR:3300;\"\n\t\t\t\t\t\t\t\tstyle=\"z-index:10;font-family:Montserrat;\"\n\t\t\t\t\t\t\t>Rendimiento sonoro y potencia de procesamiento en solo una unidad de rack. \n\t\t\t\t\t\t\t<\/rs-layer><!--\n-->\t\t\t\t\t\t<\/rs-slide>\n\t\t\t\t\t\t<rs-slide data-key=\"rs-3\" data-title=\"Slide\" data-anim=\"ei:d;eo:d;s:700;r:0;t:fade;sl:0;\">\n\t\t\t\t\t\t\t<img loading=\"lazy\" decoding=\"async\" src=\"\/\/sercom.cl\/wp-content\/uploads\/2022\/02\/slider3.png\" width=\"1900\" height=\"500\" class=\"rev-slidebg\" data-no-retina>\n<!--\n\t\t\t\t\t\t\t--><rs-layer\n\t\t\t\t\t\t\t\tid=\"slider-1-slide-3-layer-0\" \n\t\t\t\t\t\t\t\tdata-type=\"text\"\n\t\t\t\t\t\t\t\tdata-color=\"#2c2c6d\"\n\t\t\t\t\t\t\t\tdata-rsp_ch=\"on\"\n\t\t\t\t\t\t\t\tdata-xy=\"x:c;xo:-426px,-291px,0,-5px;y:m;yo:-56px,-38px,-88px,-73px;\"\n\t\t\t\t\t\t\t\tdata-text=\"w:normal;s:40,27,40,32;l:40,27,40,32;fw:600;a:left,left,center,center;\"\n\t\t\t\t\t\t\t\tdata-dim=\"w:auto,auto,auto,443px;h:auto,auto,91px,107px;\"\n\t\t\t\t\t\t\t\tdata-frame_1=\"st:700;sp:1000;sR:700;\"\n\t\t\t\t\t\t\t\tdata-frame_999=\"o:0;st:w;sR:7300;\"\n\t\t\t\t\t\t\t\tstyle=\"z-index:9;font-family:Montserrat;\"\n\t\t\t\t\t\t\t>REALIZAMOS PROYECTOS<br \/>\nA LO LARGO DE TODO CHILE \n\t\t\t\t\t\t\t<\/rs-layer><!--\n\n\t\t\t\t\t\t\t--><a\n\t\t\t\t\t\t\t\tid=\"slider-1-slide-3-layer-1\" \n\t\t\t\t\t\t\t\tclass=\"rs-layer rev-btn\"\n\t\t\t\t\t\t\t\thref=\"http:\/\/sercom.cl\/?page_id=11\" target=\"_self\" rel=\"nofollow\"\n\t\t\t\t\t\t\t\tdata-type=\"button\"\n\t\t\t\t\t\t\t\tdata-rsp_ch=\"on\"\n\t\t\t\t\t\t\t\tdata-xy=\"x:l,l,c,c;xo:226px,154px,0,0;yo:264px,180px,471px,347px;\"\n\t\t\t\t\t\t\t\tdata-text=\"w:normal;s:20,13,25,20;l:50,34,71,56;fw:600;\"\n\t\t\t\t\t\t\t\tdata-dim=\"minh:0px,none,none,none;\"\n\t\t\t\t\t\t\t\tdata-padding=\"r:20,14,28,22;l:20,14,28,22;\"\n\t\t\t\t\t\t\t\tdata-border=\"bor:5px,5px,5px,5px;\"\n\t\t\t\t\t\t\t\tdata-frame_0=\"x:0,0,0px,0px;y:0,0,0px,0px;\"\n\t\t\t\t\t\t\t\tdata-frame_1=\"x:0,0,0px,0px;y:0,0,0px,0px;st:1690;sp:1000;sR:1690;\"\n\t\t\t\t\t\t\t\tdata-frame_999=\"o:0;st:w;sR:6310;\"\n\t\t\t\t\t\t\t\tdata-frame_hover=\"bgc:#2c2c6d;bor:5px,5px,5px,5px;bos:none;sp:200;e:power1.inOut;\"\n\t\t\t\t\t\t\t\tstyle=\"z-index:8;background-color:#ff4438;font-family:Montserrat;\"\n\t\t\t\t\t\t\t>Con\u00f3cenos M\u00e1s \n\t\t\t\t\t\t\t<\/a><!--\n-->\t\t\t\t\t\t<\/rs-slide>\n\t\t\t\t\t\t<rs-slide data-key=\"rs-4\" data-title=\"Slide\" data-anim=\"ei:d;eo:d;s:700;r:0;t:fade;sl:0;\">\n\t\t\t\t\t\t\t<img loading=\"lazy\" decoding=\"async\" src=\"\/\/sercom.cl\/wp-content\/uploads\/2022\/02\/im_1d.png\" width=\"1900\" height=\"500\" class=\"rev-slidebg\" data-no-retina>\n<!--\n\t\t\t\t\t\t\t--><rs-layer\n\t\t\t\t\t\t\t\tid=\"slider-1-slide-4-layer-0\" \n\t\t\t\t\t\t\t\tdata-type=\"text\"\n\t\t\t\t\t\t\t\tdata-color=\"#2c2c6d\"\n\t\t\t\t\t\t\t\tdata-rsp_ch=\"on\"\n\t\t\t\t\t\t\t\tdata-xy=\"x:c;xo:-372px,-254px,0,-5px;y:m;yo:-64px,-43px,-88px,-73px;\"\n\t\t\t\t\t\t\t\tdata-text=\"w:normal;s:40,27,40,32;l:40,27,40,32;fw:600;a:left,left,center,center;\"\n\t\t\t\t\t\t\t\tdata-dim=\"w:auto,auto,auto,443px;h:auto,auto,91px,107px;\"\n\t\t\t\t\t\t\t\tdata-frame_1=\"st:700;sp:1000;sR:700;\"\n\t\t\t\t\t\t\t\tdata-frame_999=\"o:0;st:w;sR:7300;\"\n\t\t\t\t\t\t\t\tstyle=\"z-index:9;font-family:Montserrat;\"\n\t\t\t\t\t\t\t>EL MEJOR EQUIPAMIENTO <br \/>\nA DISPOSICI\u00d3N DE SU PROYECTO \n\t\t\t\t\t\t\t<\/rs-layer><!--\n\n\t\t\t\t\t\t\t--><a\n\t\t\t\t\t\t\t\tid=\"slider-1-slide-4-layer-1\" \n\t\t\t\t\t\t\t\tclass=\"rs-layer rev-btn\"\n\t\t\t\t\t\t\t\thref=\"http:\/\/sercom.cl\/?page_id=11\" target=\"_self\" rel=\"nofollow\"\n\t\t\t\t\t\t\t\tdata-type=\"button\"\n\t\t\t\t\t\t\t\tdata-rsp_ch=\"on\"\n\t\t\t\t\t\t\t\tdata-xy=\"x:l,l,c,c;xo:226px,154px,0,0;yo:264px,180px,471px,347px;\"\n\t\t\t\t\t\t\t\tdata-text=\"w:normal;s:20,13,25,20;l:50,34,71,56;fw:600;\"\n\t\t\t\t\t\t\t\tdata-dim=\"minh:0px,none,none,none;\"\n\t\t\t\t\t\t\t\tdata-padding=\"r:20,14,28,22;l:20,14,28,22;\"\n\t\t\t\t\t\t\t\tdata-border=\"bor:5px,5px,5px,5px;\"\n\t\t\t\t\t\t\t\tdata-frame_0=\"x:0,0,0px,0px;y:0,0,0px,0px;\"\n\t\t\t\t\t\t\t\tdata-frame_1=\"x:0,0,0px,0px;y:0,0,0px,0px;st:1690;sp:1000;sR:1690;\"\n\t\t\t\t\t\t\t\tdata-frame_999=\"o:0;st:w;sR:6310;\"\n\t\t\t\t\t\t\t\tdata-frame_hover=\"bgc:#2c2c6d;bor:5px,5px,5px,5px;bos:none;sp:200;e:power1.inOut;\"\n\t\t\t\t\t\t\t\tstyle=\"z-index:8;background-color:#ff4438;font-family:Montserrat;\"\n\t\t\t\t\t\t\t>Con\u00f3cenos M\u00e1s \n\t\t\t\t\t\t\t<\/a><!--\n-->\t\t\t\t\t\t<\/rs-slide>\n\t\t\t\t\t<\/rs-slides>\n\t\t\t\t<\/rs-module>\n\t\t\t\t<script type=\"text\/javascript\">\n\t\t\t\t\tsetREVStartSize({c: 'rev_slider_1_1',rl:[1240,1024,778,480],el:[500,345,960,720],gw:[1900,1300,778,480],gh:[500,345,960,720],type:'standard',justify:'',layout:'fullwidth',mh:\"0\"});\n\t\t\t\t\tvar\trevapi1,\n\t\t\t\t\t\ttpj;\n\t\t\t\t\tjQuery(function() {\n\t\t\t\t\t\ttpj = jQuery;\n\t\t\t\t\t\trevapi1 = tpj(\"#rev_slider_1_1\");\n\t\t\t\t\t\tif(revapi1==undefined || revapi1.revolution == undefined){\n\t\t\t\t\t\t\trevslider_showDoubleJqueryError(\"rev_slider_1_1\");\n\t\t\t\t\t\t}else{\n\t\t\t\t\t\t\trevapi1.revolution({\n\t\t\t\t\t\t\t\tsliderLayout:\"fullwidth\",\n\t\t\t\t\t\t\t\tduration:\"6000ms\",\n\t\t\t\t\t\t\t\tvisibilityLevels:\"1240,1024,778,480\",\n\t\t\t\t\t\t\t\tgridwidth:\"1900,1300,778,480\",\n\t\t\t\t\t\t\t\tgridheight:\"500,345,960,720\",\n\t\t\t\t\t\t\t\tspinner:\"spinner3\",\n\t\t\t\t\t\t\t\tperspective:600,\n\t\t\t\t\t\t\t\tperspectiveType:\"global\",\n\t\t\t\t\t\t\t\teditorheight:\"500,345,960,720\",\n\t\t\t\t\t\t\t\tresponsiveLevels:\"1240,1024,778,480\",\n\t\t\t\t\t\t\t\tprogressBar:{disableProgressBar:true},\n\t\t\t\t\t\t\t\tnavigation: {\n\t\t\t\t\t\t\t\t\tonHoverStop:false\n\t\t\t\t\t\t\t\t},\n\t\t\t\t\t\t\t\tfallbacks: {\n\t\t\t\t\t\t\t\t\tallowHTML5AutoPlayOnAndroid:true\n\t\t\t\t\t\t\t\t},\n\t\t\t\t\t\t\t});\n\t\t\t\t\t\t}\n\t\t\t\t\t\t\n\t\t\t\t\t});\n\t\t\t\t<\/script>\n\t\t\t\t<script>\n\t\t\t\t\tvar htmlDivCss = '\t#rev_slider_1_1_wrapper rs-loader.spinner3 div { background-color: #ffffff !important; } ';\n\t\t\t\t\tvar htmlDiv = document.getElementById('rs-plugin-settings-inline-css');\n\t\t\t\t\tif(htmlDiv) {\n\t\t\t\t\t\thtmlDiv.innerHTML = htmlDiv.innerHTML + htmlDivCss;\n\t\t\t\t\t}else{\n\t\t\t\t\t\tvar htmlDiv = document.createElement('div');\n\t\t\t\t\t\thtmlDiv.innerHTML = '<style>' + htmlDivCss + '<\/style>';\n\t\t\t\t\t\tdocument.getElementsByTagName('head')[0].appendChild(htmlDiv.childNodes[0]);\n\t\t\t\t\t}\n\t\t\t\t<\/script>\n\t\t\t<\/rs-module-wrap>\n\t\t\t<!-- END REVOLUTION SLIDER -->\n[\/vc_column][\/vc_row][vc_row css_animation=\u00bb\u00bb row_type=\u00bbrow\u00bb use_row_as_full_screen_section=\u00bbno\u00bb type=\u00bbgrid\u00bb angled_section=\u00bbno\u00bb text_align=\u00bbleft\u00bb background_image_as_pattern=\u00bbwithout_pattern\u00bb z_index=\u00bb\u00bb background_color=\u00bb#ffffff\u00bb][vc_column css_animation=\u00bbbottom-to-top\u00bb width=\u00bb1\/4&#8243;][vc_empty_space height=\u00bb80&#8243;]<span data-type=\"circle\"  data-hover-icon-color=\"#2c2c6d\" class=\"qode_icon_shortcode fa-stack q_font_awsome_icon_stack fa-4x pull-center \" style=\" \"><a  itemprop=\"url\" href=\"http:\/\/sercom.cl\/?page_id=9\" target=\"_self\"><i class=\"fa fa-circle fa-stack-base fa-stack-2x\" style=\"\"><\/i><i class=\"qode_icon_font_awesome_5 fa5 fa fa-user-friends qode_icon_element fa-stack-1x\" style=\"\" ><\/i><\/a><\/span>[vc_separator type=\u00bbsmall\u00bb position=\u00bbcenter\u00bb][vc_column_text]<\/p>\n<h3 style=\"text-align: center;\">NOSOTROS<\/h3>\n<p>[\/vc_column_text][vc_empty_space height=\u00bb80&#8243;][\/vc_column][vc_column css_animation=\u00bbbottom-to-top\u00bb width=\u00bb1\/4&#8243;][vc_empty_space height=\u00bb80&#8243;]<span data-type=\"circle\"  data-hover-icon-color=\"#2c2c6d\" class=\"qode_icon_shortcode fa-stack q_font_awsome_icon_stack fa-4x pull-center \" style=\" \"><a  itemprop=\"url\" href=\"http:\/\/sercom.cl\/?page_id=11\" target=\"_self\"><i class=\"fa fa-circle fa-stack-base fa-stack-2x\" style=\"\"><\/i><i class=\"qode_icon_font_awesome_5 fa5 fa fa-tools qode_icon_element fa-stack-1x\" style=\"\" ><\/i><\/a><\/span>[vc_separator type=\u00bbsmall\u00bb position=\u00bbcenter\u00bb][vc_column_text]<\/p>\n<h3 style=\"text-align: center;\">PROYECTOS<\/h3>\n<p>[\/vc_column_text][vc_empty_space height=\u00bb80&#8243;][\/vc_column][vc_column css_animation=\u00bbbottom-to-top\u00bb width=\u00bb1\/4&#8243;][vc_empty_space height=\u00bb80&#8243;]<span data-type=\"circle\"  data-hover-icon-color=\"#2c2c6d\" class=\"qode_icon_shortcode fa-stack q_font_awsome_icon_stack fa-4x pull-center \" style=\" \"><a  itemprop=\"url\" href=\"http:\/\/sercom.cl\/?page_id=13\" target=\"_self\"><i class=\"fa fa-circle fa-stack-base fa-stack-2x\" style=\"\"><\/i><i class=\"qode_icon_font_awesome_5 fa5 fa fa-satellite qode_icon_element fa-stack-1x\" style=\"\" ><\/i><\/a><\/span>[vc_separator type=\u00bbsmall\u00bb position=\u00bbcenter\u00bb][vc_column_text]<\/p>\n<h3 style=\"text-align: center;\">NOTICIAS<\/h3>\n<p>[\/vc_column_text][vc_empty_space height=\u00bb80&#8243;][\/vc_column][vc_column css_animation=\u00bbbottom-to-top\u00bb width=\u00bb1\/4&#8243;][vc_empty_space height=\u00bb80&#8243;]<span data-type=\"circle\"  data-hover-icon-color=\"#2c2c6d\" class=\"qode_icon_shortcode fa-stack q_font_awsome_icon_stack fa-4x pull-center \" style=\" \"><a  itemprop=\"url\" href=\"http:\/\/sercom.cl\/?page_id=15\" target=\"_self\"><i class=\"fa fa-circle fa-stack-base fa-stack-2x\" style=\"\"><\/i><i class=\"qode_icon_font_awesome_5 fa5 fa fa-map-marked-alt qode_icon_element fa-stack-1x\" style=\"\" ><\/i><\/a><\/span>[vc_separator type=\u00bbsmall\u00bb position=\u00bbcenter\u00bb][vc_column_text]<\/p>\n<h3 style=\"text-align: center;\">CONTACTO<\/h3>\n<p>[\/vc_column_text][vc_empty_space height=\u00bb80&#8243;][\/vc_column][\/vc_row][vc_row css_animation=\u00bb\u00bb row_type=\u00bbrow\u00bb use_row_as_full_screen_section=\u00bbno\u00bb type=\u00bbfull_width\u00bb angled_section=\u00bbno\u00bb text_align=\u00bbleft\u00bb background_image_as_pattern=\u00bbwithout_pattern\u00bb][vc_column css_animation=\u00bbbottom-to-top\u00bb][vc_empty_space height=\u00bb80&#8243;][vc_column_text]<\/p>\n<h3 class=\"p1\" style=\"text-align: center;\">SERCOM BROADCASTING INTELLIGENCE<\/h3>\n<p>[\/vc_column_text][vc_separator type=\u00bbsmall\u00bb position=\u00bbcenter\u00bb][\/vc_column][\/vc_row][vc_row css_animation=\u00bb\u00bb row_type=\u00bbrow\u00bb use_row_as_full_screen_section=\u00bbno\u00bb type=\u00bbgrid\u00bb angled_section=\u00bbno\u00bb text_align=\u00bbleft\u00bb background_image_as_pattern=\u00bbwithout_pattern\u00bb z_index=\u00bb\u00bb][vc_column][vc_empty_space height=\u00bb20&#8243;][vc_column_text]<\/p>\n<p class=\"p1\" style=\"text-align: center;\">\u201cSERCOM S.A. es una empresa de servicios y equipamiento para estaciones de Radio y Canales de Televisi\u00f3n, tiene una amplia experiencia en dar servicios integrales a sus clientes, desde etapa inicial, como la solicitud de una concesi\u00f3n de Radio y\/o Televisi\u00f3n, hasta la puesta en marcha del equipamiento t\u00e9cnico y sistemas radiantes, as\u00ed tambi\u00e9n como equipamientos de estudio.\u201d<\/p>\n<p>[\/vc_column_text][vc_empty_space height=\u00bb80&#8243;][\/vc_column][\/vc_row][vc_row css_animation=\u00bb\u00bb row_type=\u00bbrow\u00bb use_row_as_full_screen_section=\u00bbno\u00bb type=\u00bbgrid\u00bb angled_section=\u00bbno\u00bb text_align=\u00bbleft\u00bb background_image_as_pattern=\u00bbwithout_pattern\u00bb z_index=\u00bb\u00bb background_color=\u00bb#2c2c6d\u00bb][vc_column width=\u00bb1\/4&#8243;][vc_empty_space height=\u00bb40&#8243;][vc_single_image image=\u00bb116&#8243; img_size=\u00bb250&#215;80&#8243; qode_css_animation=\u00bb\u00bb][vc_empty_space height=\u00bb40&#8243;][\/vc_column][vc_column width=\u00bb1\/4&#8243;][vc_empty_space height=\u00bb80&#8243;][vc_column_text]<\/p>\n<h3 class=\"p1\" style=\"text-align: left;\"><span style=\"color: #ffffff;\">REDES SOCIALES<\/span><\/h3>\n<p>[\/vc_column_text][vc_separator type=\u00bbsmall\u00bb position=\u00bbleft\u00bb]<span class='q_social_icon_holder circle_social' data-color=#ffffff data-hover-background-color=#ffffff data-hover-color=#2c2c6d><span class='fa-stack fa-lg' style='background-color: #ff4438;'><i class=\"qode_icon_font_awesome fa fa-facebook \" style=\"color: #ffffff;\" ><\/i><\/span><\/span><span class='q_social_icon_holder circle_social' data-color=#ffffff data-hover-background-color=#ffffff data-hover-color=#2c2c6d><span class='fa-stack fa-lg' style='background-color: #ff4438;'><i class=\"qode_icon_font_awesome fa fa-youtube-play \" style=\"color: #ffffff;\" ><\/i><\/span><\/span><span class='q_social_icon_holder circle_social' data-color=#ffffff data-hover-background-color=#ffffff data-hover-color=#2c2c6d><span class='fa-stack fa-lg' style='background-color: #ff4438;'><i class=\"qode_icon_font_awesome fa fa-twitter \" style=\"color: #ffffff;\" ><\/i><\/span><\/span><span class='q_social_icon_holder circle_social' data-color=#ffffff data-hover-background-color=#ffffff data-hover-color=#2c2c6d><span class='fa-stack fa-lg' style='background-color: #ff4438;'><i class=\"qode_icon_font_awesome fa fa-linkedin \" style=\"color: #ffffff;\" ><\/i><\/span><\/span>[vc_empty_space height=\u00bb80&#8243;][\/vc_column][vc_column width=\u00bb1\/4&#8243;][vc_empty_space height=\u00bb80&#8243;][vc_column_text]<\/p>\n<h3 class=\"p1\" style=\"text-align: left;\"><span style=\"color: #ffffff;\">CONT\u00c1CTANOS<\/span><\/h3>\n<p>[\/vc_column_text][vc_separator type=\u00bbsmall\u00bb position=\u00bbleft\u00bb][vc_column_text]<\/p>\n<p class=\"p1\"><span class=\"s1\" style=\"color: #ffffff;\"><a style=\"color: #ffffff;\" href=\"tel:Tel%C3%A9fono:%20(56)%2%24229%42280%\">(56) 2 2429 4280 <\/a><\/span><\/p>\n<p class=\"p1\"><span class=\"s1\" style=\"color: #ffffff;\"><a style=\"color: #ffffff;\" href=\"mailto:contactenos@sercom.cl\">contactenos@sercom.cl<\/a><\/span><\/p>\n<p><span style=\"color: #ffffff;\">Miguel Claro #2001, Providencia.<\/span>[\/vc_column_text][vc_empty_space height=\u00bb80&#8243;][\/vc_column][vc_column width=\u00bb1\/4&#8243;][vc_empty_space height=\u00bb80&#8243;][vc_column_text]<\/p>\n<h3 class=\"p1\" style=\"text-align: left;\"><span style=\"color: #ffffff;\">ENLACES<\/span><\/h3>\n<p>[\/vc_column_text][vc_separator type=\u00bbsmall\u00bb position=\u00bbleft\u00bb][vc_column_text]<a href=\"http:\/\/sercom.cl\/\"><span style=\"color: #ffffff;\">Inicio<\/span><\/a><\/p>\n<p class=\"p1\"><a href=\"http:\/\/sercom.cl\/?page_id=9\"><span style=\"color: #ffffff;\">Nosotros<\/span><\/a><\/p>\n<p><a href=\"http:\/\/sercom.cl\/?page_id=11\"><span style=\"color: #ffffff;\">Proyectos<\/span><\/a><\/p>\n<p><a href=\"http:\/\/sercom.cl\/?page_id=13\"><span style=\"color: #ffffff;\">Noticias<\/span><\/a><\/p>\n<p><a href=\"http:\/\/sercom.cl\/?page_id=15\"><span style=\"color: #ffffff;\">Contacto<\/span><\/a>[\/vc_column_text][vc_empty_space height=\u00bb80&#8243;][\/vc_column][\/vc_row]<\/p>\n","protected":false},"excerpt":{"rendered":"<p>[vc_row css_animation=\u00bb\u00bb row_type=\u00bbrow\u00bb use_row_as_full_screen_section=\u00bbno\u00bb type=\u00bbfull_width\u00bb angled_section=\u00bbno\u00bb text_align=\u00bbleft\u00bb background_image_as_pattern=\u00bbwithout_pattern\u00bb][vc_column][\/vc_column][\/vc_row][vc_row css_animation=\u00bb\u00bb row_type=\u00bbrow\u00bb use_row_as_full_screen_section=\u00bbno\u00bb type=\u00bbgrid\u00bb angled_section=\u00bbno\u00bb text_align=\u00bbleft\u00bb background_image_as_pattern=\u00bbwithout_pattern\u00bb z_index=\u00bb\u00bb background_color=\u00bb#ffffff\u00bb][vc_column css_animation=\u00bbbottom-to-top\u00bb width=\u00bb1\/4&#8243;][vc_empty_space height=\u00bb80&#8243;][vc_separator type=\u00bbsmall\u00bb position=\u00bbcenter\u00bb][vc_column_text] NOSOTROS [\/vc_column_text][vc_empty_space height=\u00bb80&#8243;][\/vc_column][vc_column css_animation=\u00bbbottom-to-top\u00bb width=\u00bb1\/4&#8243;][vc_empty_space height=\u00bb80&#8243;][vc_separator type=\u00bbsmall\u00bb position=\u00bbcenter\u00bb][vc_column_text] PROYECTOS [\/vc_column_text][vc_empty_space height=\u00bb80&#8243;][\/vc_column][vc_column css_animation=\u00bbbottom-to-top\u00bb width=\u00bb1\/4&#8243;][vc_empty_space height=\u00bb80&#8243;][vc_separator type=\u00bbsmall\u00bb position=\u00bbcenter\u00bb][vc_column_text] NOTICIAS [\/vc_column_text][vc_empty_space height=\u00bb80&#8243;][\/vc_column][vc_column css_animation=\u00bbbottom-to-top\u00bb width=\u00bb1\/4&#8243;][vc_empty_space height=\u00bb80&#8243;][vc_separator type=\u00bbsmall\u00bb&#8230;<\/p>\n","protected":false},"author":1,"featured_media":0,"parent":0,"menu_order":0,"comment_status":"closed","ping_status":"closed","template":"full_width.php","meta":{"footnotes":""},"class_list":["post-5","page","type-page","status-publish","hentry"],"_links":{"self":[{"href":"https:\/\/sercom.cl\/index.php?rest_route=\/wp\/v2\/pages\/5","targetHints":{"allow":["GET"]}}],"collection":[{"href":"https:\/\/sercom.cl\/index.php?rest_route=\/wp\/v2\/pages"}],"about":[{"href":"https:\/\/sercom.cl\/index.php?rest_route=\/wp\/v2\/types\/page"}],"author":[{"embeddable":true,"href":"https:\/\/sercom.cl\/index.php?rest_route=\/wp\/v2\/users\/1"}],"replies":[{"embeddable":true,"href":"https:\/\/sercom.cl\/index.php?rest_route=%2Fwp%2Fv2%2Fcomments&post=5"}],"version-history":[{"count":108,"href":"https:\/\/sercom.cl\/index.php?rest_route=\/wp\/v2\/pages\/5\/revisions"}],"predecessor-version":[{"id":275,"href":"https:\/\/sercom.cl\/index.php?rest_route=\/wp\/v2\/pages\/5\/revisions\/275"}],"wp:attachment":[{"href":"https:\/\/sercom.cl\/index.php?rest_route=%2Fwp%2Fv2%2Fmedia&parent=5"}],"curies":[{"name":"wp","href":"https:\/\/api.w.org\/{rel}","templated":true}]}}