{"id":11,"date":"2022-02-08T13:45:01","date_gmt":"2022-02-08T13:45:01","guid":{"rendered":"http:\/\/sercom.cl\/?page_id=11"},"modified":"2023-06-14T14:50:46","modified_gmt":"2023-06-14T14:50:46","slug":"proyectos","status":"publish","type":"page","link":"https:\/\/sercom.cl\/?page_id=11","title":{"rendered":"PROYECTOS"},"content":{"rendered":"<p>[vc_row css_animation=\u00bb\u00bb row_type=\u00bbrow\u00bb use_row_as_full_screen_section=\u00bbno\u00bb type=\u00bbgrid\u00bb angled_section=\u00bbno\u00bb text_align=\u00bbleft\u00bb background_image_as_pattern=\u00bbwithout_pattern\u00bb z_index=\u00bb\u00bb background_image=\u00bb198&#8243;][vc_column css_animation=\u00bbnone\u00bb][vc_empty_space height=\u00bb100&#8243;][vc_column_text]<\/p>\n<h1 style=\"text-align: left;\">PROYECTOS<\/h1>\n<p>[\/vc_column_text][vc_empty_space height=\u00bb20&#8243;][vc_separator type=\u00bbsmall\u00bb position=\u00bbleft\u00bb][vc_column_text]<\/p>\n<h3 class=\"p1\">Nuestro compromiso es entregar soluciones acordes a los clientes, de acuerdo a la magnitud de infraestructura, o impacto en el desarrollo de los radiodifusores, siendo un apoyo desde el comienzo y el d\u00eda a d\u00eda, entregando actualizaciones y\/o nuevas opciones para ir mejorando las instalaciones y la calidad de las concesiones de cada uno de ellos.<\/h3>\n<p>[\/vc_column_text][vc_empty_space height=\u00bb100&#8243;][\/vc_column][\/vc_row][vc_row css_animation=\u00bb\u00bb row_type=\u00bbrow\u00bb use_row_as_full_screen_section=\u00bbno\u00bb type=\u00bbgrid\u00bb angled_section=\u00bbno\u00bb text_align=\u00bbleft\u00bb background_image_as_pattern=\u00bbwithout_pattern\u00bb z_index=\u00bb\u00bb background_color=\u00bb#ffffff\u00bb][vc_column css_animation=\u00bbbottom-to-top\u00bb][vc_empty_space height=\u00bb80&#8243;][\/vc_column][\/vc_row][vc_row css_animation=\u00bbelement_from_bottom\u00bb row_type=\u00bbrow\u00bb use_row_as_full_screen_section=\u00bbno\u00bb type=\u00bbgrid\u00bb angled_section=\u00bbno\u00bb text_align=\u00bbleft\u00bb background_image_as_pattern=\u00bbwithout_pattern\u00bb z_index=\u00bb\u00bb background_color=\u00bb#ffffff\u00bb][vc_column css_animation=\u00bbnone\u00bb width=\u00bb1\/2&#8243;][vc_column_text]<\/p>\n<p class=\"p1\">El\u00a0\u00e1rea de\u00a0<b>INGENIER\u00cdA Y PROYECTOS<\/b>\u00a0de Sercom S.A., posee vasta experiencia en la entrega de soluciones para Radio y Televisi\u00f3n, con profesionales con conocimientos de las \u00faltimas tecnolog\u00edas disponibles en el mercado tanto te\u00f3ricos como pr\u00e1cticos acordes al mundo de la radiodifusi\u00f3n.<\/p>\n<p>&nbsp;<\/p>\n<p class=\"p1\">Es responsable de la elaboraci\u00f3n de las bases t\u00e9cnicas y administrativas para postular a\u00a0<b>concursos p\u00fablicos<\/b>\u00a0de servicios de telecomunicaciones, principalmente concesiones de\u00a0<b>Radio<\/b>\u00a0y\u00a0<b>Televisi\u00f3n<\/b>\u00a0(Anal\u00f3gica y Digital TVDT).<br \/>\nRealizaci\u00f3n de proyectos de modificaci\u00f3n, transferencia y renovaci\u00f3n de concesiones de telecomunicaciones para ser presentadas antes los organismos pertinentes (<b><i>CNTV, SUBTEL, FNE<\/i><\/b>, etc.), incluyendo tr\u00e1mites de recepci\u00f3n de obras, solicitudes provisorias, respuestas a reparos, entre otros.<\/p>\n<p>&nbsp;<\/p>\n<p class=\"p1\">Confecci\u00f3n de estudios referentes al uso del Espectro Radioel\u00e9ctrico, tanto para Radio y Televisi\u00f3n como para otros Servicios de Telecomunicaciones, a trav\u00e9s de Telemetr\u00eda, C\u00e1lculos de Cobertura, Conflictos de Interferencia, Enlaces Punto a\u00a0 Punto, Relleno de Nulos, etc.<\/p>\n<p>[\/vc_column_text][vc_empty_space height=\u00bb20&#8243;][\/vc_column][vc_column width=\u00bb1\/2&#8243;][vc_column_text]<\/p>\n<p class=\"p1\">Representantes oficiales del Software de C\u00e1lculo, Dise\u00f1o y Planificaci\u00f3n de Sistemas de Antenas\u00a0<b>EMLAB\u00ae<\/b>\u00a0de Aldena, lo que nos da una extensa experiencia en su uso para la elaboraci\u00f3n de proyectos de Radio Difusi\u00f3n Sonora, Radio Difusi\u00f3n Televisiva, etc.<\/p>\n<p>&nbsp;<\/p>\n<p class=\"p1\">Representante, Partner y Reseller de distintas marcas para la implementaci\u00f3n de soluciones en\u00a0<b>Radio, Televisi\u00f3n Anal\u00f3gica y Televisi\u00f3n Digital (TVDT)<\/b>, desde Encoders (Codificadores), Mux (Multiplexadores), Radio Enlaces, Excitadores, Transmisores (Banda Ancha y de Alta Eficiencia), Gap Fillers (para Zonas de Sombra) y Sistemas Radiantes (Arreglos de Antenas desde los 47 MHz hasta los 28 GHz).<\/p>\n<p>[\/vc_column_text][\/vc_column][\/vc_row][vc_row css_animation=\u00bb\u00bb row_type=\u00bbrow\u00bb use_row_as_full_screen_section=\u00bbno\u00bb type=\u00bbgrid\u00bb angled_section=\u00bbno\u00bb text_align=\u00bbleft\u00bb background_image_as_pattern=\u00bbwithout_pattern\u00bb z_index=\u00bb\u00bb background_color=\u00bb#ffffff\u00bb][vc_column css_animation=\u00bbbottom-to-top\u00bb][vc_empty_space height=\u00bb80&#8243;][\/vc_column][\/vc_row][vc_row css_animation=\u00bb\u00bb row_type=\u00bbrow\u00bb use_row_as_full_screen_section=\u00bbno\u00bb type=\u00bbgrid\u00bb angled_section=\u00bbno\u00bb text_align=\u00bbleft\u00bb background_image_as_pattern=\u00bbwithout_pattern\u00bb z_index=\u00bb\u00bb background_color=\u00bb#ffffff\u00bb][vc_column css_animation=\u00bbbottom-to-top\u00bb width=\u00bb1\/2&#8243;][vc_column_text]<\/p>\n<h3 class=\"p1\"><b>Proyectos e Ingenier\u00eda<\/b><\/h3>\n<p>[\/vc_column_text][vc_separator type=\u00bbsmall\u00bb position=\u00bbleft\u00bb][vc_empty_space height=\u00bb20&#8243;][\/vc_column][vc_column css_animation=\u00bbbottom-to-top\u00bb width=\u00bb1\/2&#8243;][\/vc_column][\/vc_row][vc_row css_animation=\u00bb\u00bb row_type=\u00bbrow\u00bb use_row_as_full_screen_section=\u00bbno\u00bb type=\u00bbgrid\u00bb angled_section=\u00bbno\u00bb text_align=\u00bbleft\u00bb background_image_as_pattern=\u00bbwithout_pattern\u00bb z_index=\u00bb\u00bb background_color=\u00bb#ffffff\u00bb][vc_column css_animation=\u00bbbottom-to-top\u00bb width=\u00bb1\/2&#8243;][vc_column_text]<\/p>\n<p class=\"p1\"><span style=\"color: #2c2c6d;\"><b>SOFTWARE ALDENA EMLAB\u00ae\u00a0\u00a0<\/b><\/span><\/p>\n<p class=\"p1\">Estudios e Informes para Telecomunicaciones utilizando el Software<\/p>\n<p class=\"p1\">de Simulaci\u00f3n y Cobertura EMLAB\u00ae<br \/>\nEnlaces Punto a Punto<br \/>\nRelleno de Nulo<br \/>\nSistemas Anti-interferencias<br \/>\nDiagrama de P\u00e9rdidas<br \/>\nModelamiento de Arreglo de Antenas<br \/>\nC\u00e1lculos de Cobertura<\/p>\n<p>[\/vc_column_text][vc_empty_space height=\u00bb80&#8243;][\/vc_column][vc_column css_animation=\u00bbbottom-to-top\u00bb width=\u00bb1\/2&#8243;][vc_column_text]<\/p>\n<p class=\"p1\"><span style=\"color: #2c2c6d;\"><b>TELEMETR\u00cdA<\/b><\/span><\/p>\n<p class=\"p1\">Estudios e Informes de mediciones de cobertura para:<br \/>\nRadio Difusi\u00f3n Sonora<br \/>\nAM<br \/>\nFM<br \/>\nRadio Difusi\u00f3n Televisiva<br \/>\nAnal\u00f3gica (NTSC)<\/p>\n<p>[\/vc_column_text][vc_empty_space height=\u00bb80&#8243;][\/vc_column][\/vc_row][vc_row css_animation=\u00bb\u00bb row_type=\u00bbrow\u00bb use_row_as_full_screen_section=\u00bbno\u00bb type=\u00bbgrid\u00bb angled_section=\u00bbno\u00bb text_align=\u00bbleft\u00bb background_image_as_pattern=\u00bbwithout_pattern\u00bb z_index=\u00bb\u00bb background_color=\u00bb#ffffff\u00bb][vc_column css_animation=\u00bbbottom-to-top\u00bb width=\u00bb1\/2&#8243;][vc_column_text]<\/p>\n<p class=\"p1\"><span style=\"color: #2c2c6d;\"><b>DIGITAL (ISDB-Tb)<\/b><\/span><\/p>\n<p class=\"p1\">Potencia Emitida<br \/>\nIntensidad de Campo Recibida<br \/>\nFull-Seg y One-Seg<br \/>\nTS<br \/>\nModulaci\u00f3n<br \/>\nBit-Rate<br \/>\nMER<\/p>\n<p>[\/vc_column_text][vc_empty_space height=\u00bb80&#8243;][\/vc_column][vc_column css_animation=\u00bbbottom-to-top\u00bb width=\u00bb1\/2&#8243;][vc_column_text]<\/p>\n<p class=\"p1\"><span style=\"color: #2c2c6d;\"><b>SISTEMAS DE TELECOMUNICACIONES<\/b><\/span><\/p>\n<p class=\"p1\">M\u00f3viles<br \/>\nFijos<br \/>\nOtros<\/p>\n<p>[\/vc_column_text][vc_empty_space height=\u00bb80&#8243;][\/vc_column][\/vc_row][vc_row css_animation=\u00bb\u00bb row_type=\u00bbrow\u00bb use_row_as_full_screen_section=\u00bbno\u00bb type=\u00bbgrid\u00bb angled_section=\u00bbno\u00bb text_align=\u00bbleft\u00bb background_image_as_pattern=\u00bbwithout_pattern\u00bb z_index=\u00bb\u00bb background_color=\u00bb#ffffff\u00bb][vc_column css_animation=\u00bbbottom-to-top\u00bb width=\u00bb1\/2&#8243;][vc_column_text]<\/p>\n<h3 class=\"p1\"><b>Proyectos Telecomunicaciones Especiales<\/b><\/h3>\n<p>[\/vc_column_text][vc_separator type=\u00bbsmall\u00bb position=\u00bbleft\u00bb][vc_empty_space height=\u00bb20&#8243;][vc_column_text]<\/p>\n<p class=\"p1\">Estudios de implementaci\u00f3n de equipos de transmisi\u00f3n y recepci\u00f3n que utilizan ondas electromagn\u00e9ticas, para la solicitud y permiso antes las autoridades pertinentes.<\/p>\n<p>&nbsp;<\/p>\n<p class=\"p1\">Utilizaci\u00f3n de Energ\u00edas Renovables No Convencionales para sitios de telecomunicaciones de dif\u00edcil alcance a la Red El\u00e9ctrica.<\/p>\n<p>[\/vc_column_text][vc_empty_space height=\u00bb80&#8243;][\/vc_column][vc_column css_animation=\u00bbbottom-to-top\u00bb width=\u00bb1\/2&#8243;][\/vc_column][\/vc_row][vc_row css_animation=\u00bb\u00bb row_type=\u00bbrow\u00bb use_row_as_full_screen_section=\u00bbno\u00bb type=\u00bbgrid\u00bb angled_section=\u00bbno\u00bb text_align=\u00bbleft\u00bb background_image_as_pattern=\u00bbwithout_pattern\u00bb z_index=\u00bb\u00bb background_color=\u00bb#ffffff\u00bb][vc_column css_animation=\u00bbbottom-to-top\u00bb width=\u00bb1\/2&#8243;][vc_column_text]<\/p>\n<h3 class=\"p1\"><b>Concesiones<\/b><\/h3>\n<p>[\/vc_column_text][vc_separator type=\u00bbsmall\u00bb position=\u00bbleft\u00bb][vc_empty_space height=\u00bb20&#8243;][\/vc_column][vc_column css_animation=\u00bbbottom-to-top\u00bb width=\u00bb1\/2&#8243;][\/vc_column][\/vc_row][vc_row css_animation=\u00bb\u00bb row_type=\u00bbrow\u00bb use_row_as_full_screen_section=\u00bbno\u00bb type=\u00bbgrid\u00bb angled_section=\u00bbno\u00bb text_align=\u00bbleft\u00bb background_image_as_pattern=\u00bbwithout_pattern\u00bb z_index=\u00bb\u00bb background_color=\u00bb#ffffff\u00bb][vc_column css_animation=\u00bbbottom-to-top\u00bb width=\u00bb1\/2&#8243;][vc_column_text]<\/p>\n<p class=\"p1\"><span style=\"color: #2c2c6d;\"><b>RADIO DIFUSI\u00d3N SONORA<\/b><\/span><\/p>\n<p class=\"p1\">Amplitud Modulada<br \/>\nFrecuencia Modulada<br \/>\nRadio Ciudadana Comunitaria<\/p>\n<p>[\/vc_column_text][vc_empty_space height=\u00bb80&#8243;][\/vc_column][vc_column css_animation=\u00bbbottom-to-top\u00bb width=\u00bb1\/2&#8243;][vc_column_text]<\/p>\n<p class=\"p1\"><span style=\"color: #2c2c6d;\"><b>RADIO DIFUSI\u00d3N TELEVISIVA<\/b><\/span><\/p>\n<p class=\"p1\">Televisi\u00f3n Anal\u00f3gica (VHF y UHF, Est\u00e1ndar NTSC)<br \/>\nTelevisi\u00f3n Digital (UHF, Est\u00e1ndar ISDB-Tb)<\/p>\n<p>[\/vc_column_text][vc_empty_space height=\u00bb80&#8243;][\/vc_column][\/vc_row][vc_row css_animation=\u00bb\u00bb row_type=\u00bbrow\u00bb use_row_as_full_screen_section=\u00bbno\u00bb type=\u00bbgrid\u00bb angled_section=\u00bbno\u00bb text_align=\u00bbleft\u00bb background_image_as_pattern=\u00bbwithout_pattern\u00bb z_index=\u00bb\u00bb background_color=\u00bb#ffffff\u00bb][vc_column css_animation=\u00bbbottom-to-top\u00bb width=\u00bb1\/2&#8243;][vc_column_text]<span style=\"color: #2c2c6d;\"><strong>TR\u00c1MITES ANTE LA SUBSECRETAR\u00cdA DE TELECOMUNICACIONES, CONSEJO NACIONAL DE TELEVISI\u00d3N Y FISCAL\u00cdA NACIONAL ECON\u00d3MICA.<\/strong><\/span><\/p>\n<p class=\"p1\">Transferencias<br \/>\nRespuesta Reparos<br \/>\nContratos Compraventa<br \/>\nAperturas de Concurso<br \/>\nSolicitudes para Concurso<br \/>\nSolicitudes de Telecomunicaciones<br \/>\nModificaciones de Concesiones<br \/>\nSistema Radiante<br \/>\nPlanta<br \/>\nEstudio Principal y\/o Alternativo<\/p>\n<p>[\/vc_column_text][vc_empty_space height=\u00bb80&#8243;][\/vc_column][vc_column css_animation=\u00bbbottom-to-top\u00bb width=\u00bb1\/2&#8243;][vc_column_text]<\/p>\n<p class=\"p1\"><span style=\"color: #2c2c6d;\"><b>TELEVISI\u00d3N DIGITAL<\/b><\/span><\/p>\n<p class=\"p2\">Solicitudes y proyectos simplificados<br \/>\nC\u00e1lculos de Cobertura<br \/>\nImplementaci\u00f3n e Inicio de Servicios en TVD para concesionarios de cobertura<br \/>\nNacional<br \/>\nRegional<br \/>\nLocal<br \/>\nImplementaci\u00f3n e Inicio de Servicios para canales VHF y UHF anal\u00f3gicos digitalizados<br \/>\nEstudios para SFN y\/o Gap-Fillers.<\/p>\n<p>[\/vc_column_text][vc_empty_space height=\u00bb80&#8243;][\/vc_column][\/vc_row][vc_row css_animation=\u00bb\u00bb row_type=\u00bbrow\u00bb use_row_as_full_screen_section=\u00bbno\u00bb type=\u00bbgrid\u00bb angled_section=\u00bbno\u00bb text_align=\u00bbleft\u00bb background_image_as_pattern=\u00bbwithout_pattern\u00bb z_index=\u00bb\u00bb][vc_column css_animation=\u00bbbottom-to-top\u00bb width=\u00bb1\/4&#8243;][vc_empty_space height=\u00bb80&#8243;]<span data-type=\"circle\"  data-hover-icon-color=\"#2c2c6d\" class=\"qode_icon_shortcode fa-stack q_font_awsome_icon_stack fa-4x pull-center \" style=\" \"><a  itemprop=\"url\" href=\"http:\/\/sercom.cl\/?page_id=9\" target=\"_self\"><i class=\"fa fa-circle fa-stack-base fa-stack-2x\" style=\"\"><\/i><i class=\"qode_icon_font_awesome_5 fa5 fa fa-user-friends qode_icon_element fa-stack-1x\" style=\"\" ><\/i><\/a><\/span>[vc_separator type=\u00bbsmall\u00bb position=\u00bbcenter\u00bb][vc_column_text]<\/p>\n<h3 style=\"text-align: center;\">NOSOTROS<\/h3>\n<p>[\/vc_column_text][vc_empty_space height=\u00bb80&#8243;][\/vc_column][vc_column css_animation=\u00bbbottom-to-top\u00bb width=\u00bb1\/4&#8243;][vc_empty_space height=\u00bb80&#8243;]<span data-type=\"circle\"  data-hover-icon-color=\"#2c2c6d\" class=\"qode_icon_shortcode fa-stack q_font_awsome_icon_stack fa-4x pull-center \" style=\" \"><a  itemprop=\"url\" href=\"http:\/\/sercom.cl\/?page_id=11\" target=\"_self\"><i class=\"fa fa-circle fa-stack-base fa-stack-2x\" style=\"\"><\/i><i class=\"qode_icon_font_awesome_5 fa5 fa fa-tools qode_icon_element fa-stack-1x\" style=\"\" ><\/i><\/a><\/span>[vc_separator type=\u00bbsmall\u00bb position=\u00bbcenter\u00bb][vc_column_text]<\/p>\n<h3 style=\"text-align: center;\">PROYECTOS<\/h3>\n<p>[\/vc_column_text][vc_empty_space height=\u00bb80&#8243;][\/vc_column][vc_column css_animation=\u00bbbottom-to-top\u00bb width=\u00bb1\/4&#8243;][vc_empty_space height=\u00bb80&#8243;]<span data-type=\"circle\"  data-hover-icon-color=\"#2c2c6d\" class=\"qode_icon_shortcode fa-stack q_font_awsome_icon_stack fa-4x pull-center \" style=\" \"><a  itemprop=\"url\" href=\"http:\/\/sercom.cl\/?page_id=13\" target=\"_self\"><i class=\"fa fa-circle fa-stack-base fa-stack-2x\" style=\"\"><\/i><i class=\"qode_icon_font_awesome_5 fa5 fa fa-satellite qode_icon_element fa-stack-1x\" style=\"\" ><\/i><\/a><\/span>[vc_separator type=\u00bbsmall\u00bb position=\u00bbcenter\u00bb][vc_column_text]<\/p>\n<h3 style=\"text-align: center;\">NOTICIAS<\/h3>\n<p>[\/vc_column_text][vc_empty_space height=\u00bb80&#8243;][\/vc_column][vc_column css_animation=\u00bbbottom-to-top\u00bb width=\u00bb1\/4&#8243;][vc_empty_space height=\u00bb80&#8243;]<span data-type=\"circle\"  data-hover-icon-color=\"#2c2c6d\" class=\"qode_icon_shortcode fa-stack q_font_awsome_icon_stack fa-4x pull-center \" style=\" \"><a  itemprop=\"url\" href=\"http:\/\/sercom.cl\/?page_id=15\" target=\"_self\"><i class=\"fa fa-circle fa-stack-base fa-stack-2x\" style=\"\"><\/i><i class=\"qode_icon_font_awesome_5 fa5 fa fa-map-marked-alt qode_icon_element fa-stack-1x\" style=\"\" ><\/i><\/a><\/span>[vc_separator type=\u00bbsmall\u00bb position=\u00bbcenter\u00bb][vc_column_text]<\/p>\n<h3 style=\"text-align: center;\">CONTACTO<\/h3>\n<p>[\/vc_column_text][vc_empty_space height=\u00bb80&#8243;][\/vc_column][\/vc_row][vc_row css_animation=\u00bb\u00bb row_type=\u00bbrow\u00bb use_row_as_full_screen_section=\u00bbno\u00bb type=\u00bbgrid\u00bb angled_section=\u00bbno\u00bb text_align=\u00bbleft\u00bb background_image_as_pattern=\u00bbwithout_pattern\u00bb z_index=\u00bb\u00bb background_color=\u00bb#2c2c6d\u00bb][vc_column width=\u00bb1\/4&#8243;][vc_empty_space height=\u00bb40&#8243;][vc_single_image image=\u00bb116&#8243; img_size=\u00bb250&#215;80&#8243; qode_css_animation=\u00bb\u00bb][vc_empty_space height=\u00bb40&#8243;][\/vc_column][vc_column width=\u00bb1\/4&#8243;][vc_empty_space height=\u00bb80&#8243;][vc_column_text]<\/p>\n<h3 class=\"p1\" style=\"text-align: left;\"><span style=\"color: #ffffff;\">REDES SOCIALES<\/span><\/h3>\n<p>[\/vc_column_text][vc_separator type=\u00bbsmall\u00bb position=\u00bbleft\u00bb]<span class='q_social_icon_holder circle_social' data-color=#ffffff data-hover-background-color=#ffffff data-hover-color=#2c2c6d><span class='fa-stack fa-lg' style='background-color: #ff4438;'><i class=\"qode_icon_font_awesome fa fa-facebook \" style=\"color: #ffffff;\" ><\/i><\/span><\/span><span class='q_social_icon_holder circle_social' data-color=#ffffff data-hover-background-color=#ffffff data-hover-color=#2c2c6d><span class='fa-stack fa-lg' style='background-color: #ff4438;'><i class=\"qode_icon_font_awesome fa fa-youtube-play \" style=\"color: #ffffff;\" ><\/i><\/span><\/span><span class='q_social_icon_holder circle_social' data-color=#ffffff data-hover-background-color=#ffffff data-hover-color=#2c2c6d><span class='fa-stack fa-lg' style='background-color: #ff4438;'><i class=\"qode_icon_font_awesome fa fa-twitter \" style=\"color: #ffffff;\" ><\/i><\/span><\/span><span class='q_social_icon_holder circle_social' data-color=#ffffff data-hover-background-color=#ffffff data-hover-color=#2c2c6d><span class='fa-stack fa-lg' style='background-color: #ff4438;'><i class=\"qode_icon_font_awesome fa fa-linkedin \" style=\"color: #ffffff;\" ><\/i><\/span><\/span>[vc_empty_space height=\u00bb80&#8243;][\/vc_column][vc_column width=\u00bb1\/4&#8243;][vc_empty_space height=\u00bb80&#8243;][vc_column_text]<\/p>\n<h3 class=\"p1\" style=\"text-align: left;\"><span style=\"color: #ffffff;\">CONT\u00c1CTANOS<\/span><\/h3>\n<p>[\/vc_column_text][vc_separator type=\u00bbsmall\u00bb position=\u00bbleft\u00bb][vc_column_text]<\/p>\n<p class=\"p1\"><span class=\"s1\" style=\"color: #ffffff;\"><a style=\"color: #ffffff;\" href=\"tel:Tel%C3%A9fono:%20(56)%2%022429%04280%\">(56) 2 2429 4280 <\/a><\/span><\/p>\n<p class=\"p1\"><span class=\"s1\" style=\"color: #ffffff;\"><a style=\"color: #ffffff;\" href=\"mailto:contactenos@sercom.cl\">contactenos@sercom.cl<\/a><\/span><\/p>\n<p><span style=\"color: #ffffff;\">Miguel Claro #2001, Providencia.<\/span>[\/vc_column_text][vc_empty_space height=\u00bb80&#8243;][\/vc_column][vc_column width=\u00bb1\/4&#8243;][vc_empty_space height=\u00bb80&#8243;][vc_column_text]<\/p>\n<h3 class=\"p1\" style=\"text-align: left;\"><span style=\"color: #ffffff;\">ENLACES<\/span><\/h3>\n<p>[\/vc_column_text][vc_separator type=\u00bbsmall\u00bb position=\u00bbleft\u00bb][vc_column_text]<a href=\"http:\/\/sercom.cl\/\"><span style=\"color: #ffffff;\">Inicio<\/span><\/a><\/p>\n<p class=\"p1\"><a href=\"http:\/\/sercom.cl\/?page_id=9\"><span style=\"color: #ffffff;\">Nosotros<\/span><\/a><\/p>\n<p><a href=\"http:\/\/sercom.cl\/?page_id=11\"><span style=\"color: #ffffff;\">Proyectos<\/span><\/a><\/p>\n<p><a href=\"http:\/\/sercom.cl\/?page_id=13\"><span style=\"color: #ffffff;\">Noticias<\/span><\/a><\/p>\n<p><a href=\"http:\/\/sercom.cl\/?page_id=15\"><span style=\"color: #ffffff;\">Contacto<\/span><\/a>[\/vc_column_text][vc_empty_space height=\u00bb80&#8243;][\/vc_column][\/vc_row]<\/p>\n","protected":false},"excerpt":{"rendered":"<p>[vc_row css_animation=\u00bb\u00bb row_type=\u00bbrow\u00bb use_row_as_full_screen_section=\u00bbno\u00bb type=\u00bbgrid\u00bb angled_section=\u00bbno\u00bb text_align=\u00bbleft\u00bb background_image_as_pattern=\u00bbwithout_pattern\u00bb z_index=\u00bb\u00bb background_image=\u00bb198&#8243;][vc_column css_animation=\u00bbnone\u00bb][vc_empty_space height=\u00bb100&#8243;][vc_column_text] PROYECTOS [\/vc_column_text][vc_empty_space height=\u00bb20&#8243;][vc_separator type=\u00bbsmall\u00bb position=\u00bbleft\u00bb][vc_column_text] Nuestro compromiso es entregar soluciones acordes a los clientes, de acuerdo a la magnitud de infraestructura, o impacto en el desarrollo de los radiodifusores, siendo un apoyo desde&#8230;<\/p>\n","protected":false},"author":1,"featured_media":0,"parent":0,"menu_order":0,"comment_status":"closed","ping_status":"closed","template":"full_width.php","meta":{"footnotes":""},"class_list":["post-11","page","type-page","status-publish","hentry"],"_links":{"self":[{"href":"https:\/\/sercom.cl\/index.php?rest_route=\/wp\/v2\/pages\/11","targetHints":{"allow":["GET"]}}],"collection":[{"href":"https:\/\/sercom.cl\/index.php?rest_route=\/wp\/v2\/pages"}],"about":[{"href":"https:\/\/sercom.cl\/index.php?rest_route=\/wp\/v2\/types\/page"}],"author":[{"embeddable":true,"href":"https:\/\/sercom.cl\/index.php?rest_route=\/wp\/v2\/users\/1"}],"replies":[{"embeddable":true,"href":"https:\/\/sercom.cl\/index.php?rest_route=%2Fwp%2Fv2%2Fcomments&post=11"}],"version-history":[{"count":17,"href":"https:\/\/sercom.cl\/index.php?rest_route=\/wp\/v2\/pages\/11\/revisions"}],"predecessor-version":[{"id":278,"href":"https:\/\/sercom.cl\/index.php?rest_route=\/wp\/v2\/pages\/11\/revisions\/278"}],"wp:attachment":[{"href":"https:\/\/sercom.cl\/index.php?rest_route=%2Fwp%2Fv2%2Fmedia&parent=11"}],"curies":[{"name":"wp","href":"https:\/\/api.w.org\/{rel}","templated":true}]}}